{"id":2288,"date":"2022-10-16T04:51:05","date_gmt":"2022-10-16T01:51:05","guid":{"rendered":"https:\/\/restartbpt.ro\/wp\/?page_id=2288"},"modified":"2026-04-19T00:57:07","modified_gmt":"2026-04-18T21:57:07","slug":"contacteaza-ne","status":"publish","type":"page","link":"https:\/\/restartbpt.ro\/wp\/contacteaza-ne\/","title":{"rendered":"Contacteaz\u0103-ne"},"content":{"rendered":"\t\t<div data-elementor-type=\"wp-page\" data-elementor-id=\"2288\" class=\"elementor elementor-2288\">\n\t\t\t\t\t\t<section class=\"elementor-section elementor-top-section elementor-element elementor-element-f386933 elementor-section-stretched elementor-section-boxed elementor-section-height-default elementor-section-height-default\" data-id=\"f386933\" data-element_type=\"section\" data-e-type=\"section\" data-settings=\"{&quot;background_background&quot;:&quot;classic&quot;,&quot;stretch_section&quot;:&quot;section-stretched&quot;}\">\n\t\t\t\t\t\t<div class=\"elementor-container elementor-column-gap-default\">\n\t\t\t\t\t<div class=\"elementor-column elementor-col-100 elementor-top-column elementor-element elementor-element-46a59b1\" data-id=\"46a59b1\" data-element_type=\"column\" data-e-type=\"column\">\n\t\t\t<div class=\"elementor-widget-wrap\">\n\t\t\t\t\t\t\t<\/div>\n\t\t<\/div>\n\t\t\t\t\t<\/div>\n\t\t<\/section>\n\t\t\t\t<section class=\"elementor-section elementor-top-section elementor-element elementor-element-899375c elementor-section-stretched elementor-section-boxed elementor-section-height-default elementor-section-height-default\" data-id=\"899375c\" data-element_type=\"section\" data-e-type=\"section\" data-settings=\"{&quot;background_background&quot;:&quot;classic&quot;,&quot;stretch_section&quot;:&quot;section-stretched&quot;}\">\n\t\t\t\t\t\t<div class=\"elementor-container elementor-column-gap-default\">\n\t\t\t\t\t<div class=\"elementor-column elementor-col-100 elementor-top-column elementor-element elementor-element-4e9359a\" data-id=\"4e9359a\" data-element_type=\"column\" data-e-type=\"column\">\n\t\t\t<div class=\"elementor-widget-wrap elementor-element-populated\">\n\t\t\t\t\t\t<div class=\"elementor-element elementor-element-e241b81 elementor-widget__width-initial elementor-widget elementor-widget-text-editor\" data-id=\"e241b81\" data-element_type=\"widget\" data-e-type=\"widget\" data-widget_type=\"text-editor.default\">\n\t\t\t\t<div class=\"elementor-widget-container\">\n\t\t\t\t\t\t\t\t\t<h2><strong>Date de contact:<\/strong><\/h2><p><em>Sediul social: \u00a0Bucure\u0219ti, Sector 3, Str. Nerva Traian, nr.27-33, Sc. B, Et.1, birou nr.6<br \/>(la sediul social nu se lucreaz\u0103 cu publicul)<\/em><\/p><p><b>Telefon<\/b> &#8211; <strong>021.555.12.81<\/strong> (tarif normal) de luni p\u00e2n\u0103 vineri \u00eentre orele 09:00 \u2013 17:00<\/p><p><b>E-mail:<\/b><\/p><p>Pentru \u00eenscrieri: <b>economisire@restartbpt.ro<\/b><\/p><p>Pentru credite: <b>credite@restartbpt.ro<\/b><\/p><p>Pentru sesiz\u0103ri GDPR: <b>dpo@restartbpt.ro<\/b><\/p><p>Pentru sugestii\/reclama\u021bii completa\u021bi c\u00e2mpurile de mai jos:<\/p>\t\t\t\t\t\t\t\t<\/div>\n\t\t\t\t<\/div>\n\t\t\t\t<div class=\"elementor-element elementor-element-a703c28 elementor-widget elementor-widget-heading\" data-id=\"a703c28\" data-element_type=\"widget\" data-e-type=\"widget\" data-widget_type=\"heading.default\">\n\t\t\t\t<div class=\"elementor-widget-container\">\n\t\t\t\t\t<h4 class=\"elementor-heading-title elementor-size-default\">Formular de contact<\/h4>\t\t\t\t<\/div>\n\t\t\t\t<\/div>\n\t\t\t\t<div class=\"elementor-element elementor-element-be3ce8f elementor-widget elementor-widget-shortcode\" data-id=\"be3ce8f\" data-element_type=\"widget\" data-e-type=\"widget\" data-widget_type=\"shortcode.default\">\n\t\t\t\t<div class=\"elementor-widget-container\">\n\t\t\t\t\t\t\t<div class=\"elementor-shortcode\"><div class=\"wpforms-container wpforms-container-full\" id=\"wpforms-2388\"><form id=\"wpforms-form-2388\" class=\"wpforms-validate wpforms-form wpforms-ajax-form\" data-formid=\"2388\" method=\"post\" enctype=\"multipart\/form-data\" action=\"\/wp\/wp-json\/wp\/v2\/pages\/2288\" data-token=\"bad7aca7bf9ba1968d1665b561362bae\" data-token-time=\"1777538102\"><noscript class=\"wpforms-error-noscript\">Please enable JavaScript in your browser to complete this form.<\/noscript><div class=\"wpforms-field-container\"><div id=\"wpforms-2388-field_0-container\" class=\"wpforms-field wpforms-field-name\" data-field-id=\"0\"><label class=\"wpforms-field-label\" for=\"wpforms-2388-field_0\">Nume <span class=\"wpforms-required-label\">*<\/span><\/label><div class=\"wpforms-field-row wpforms-field-medium\"><div class=\"wpforms-field-row-block wpforms-first wpforms-one-half\"><input type=\"text\" id=\"wpforms-2388-field_0\" class=\"wpforms-field-name-first wpforms-field-required\" name=\"wpforms[fields][0][first]\" placeholder=\"Prenume\" required><label for=\"wpforms-2388-field_0\" class=\"wpforms-field-sublabel after wpforms-sublabel-hide\">First<\/label><\/div><div class=\"wpforms-field-row-block wpforms-one-half\"><input type=\"text\" id=\"wpforms-2388-field_0-last\" class=\"wpforms-field-name-last wpforms-field-required\" name=\"wpforms[fields][0][last]\" placeholder=\"Numele de familie\" required><label for=\"wpforms-2388-field_0-last\" class=\"wpforms-field-sublabel after wpforms-sublabel-hide\">Last<\/label><\/div><\/div><\/div><div id=\"wpforms-2388-field_1-container\" class=\"wpforms-field wpforms-field-email\" data-field-id=\"1\"><label class=\"wpforms-field-label\" for=\"wpforms-2388-field_1\">Email <span class=\"wpforms-required-label\">*<\/span><\/label><input type=\"email\" id=\"wpforms-2388-field_1\" class=\"wpforms-field-medium wpforms-field-required\" name=\"wpforms[fields][1]\" spellcheck=\"false\" required><div class=\"wpforms-field-description\">Adresa de E-mail<\/div><\/div><div id=\"wpforms-2388-field_6-container\" class=\"wpforms-field wpforms-field-number\" data-field-id=\"6\"><label class=\"wpforms-field-label\" for=\"wpforms-2388-field_6\">Telefon<\/label><input type=\"number\" id=\"wpforms-2388-field_6\" class=\"wpforms-field-medium\" name=\"wpforms[fields][6]\" placeholder=\"07xx xxx xxx\" step=\"any\" ><\/div><div id=\"wpforms-2388-field_5-container\" class=\"wpforms-field wpforms-field-select wpforms-field-select-style-classic\" data-field-id=\"5\"><label class=\"wpforms-field-label\" for=\"wpforms-2388-field_5\">Alege Subiectul <span class=\"wpforms-required-label\">*<\/span><\/label><select id=\"wpforms-2388-field_5\" class=\"wpforms-field-medium wpforms-field-required\" name=\"wpforms[fields][5]\" required=\"required\"><option value=\"Actualizarea datelor personale\"  class=\"choice-1 depth-1\"  >Actualizarea datelor personale<\/option><option value=\"Fondul Op\u021bional\"  class=\"choice-4 depth-1\"  >Fondul Op\u021bional<\/option><option value=\"Fondul Tradi\u021bional\"  class=\"choice-5 depth-1\"  >Fondul Tradi\u021bional<\/option><option value=\"\u00cemprumuturi\"  class=\"choice-6 depth-1\"  >\u00cemprumuturi<\/option><option value=\"Reclama\u021bii\"  class=\"choice-9 depth-1\"  >Reclama\u021bii<\/option><option value=\"Sugestii\"  class=\"choice-10 depth-1\"  >Sugestii<\/option><option value=\"Altele\"  class=\"choice-8 depth-1\"  >Altele<\/option><\/select><\/div><div id=\"wpforms-2388-field_2-container\" class=\"wpforms-field wpforms-field-textarea\" data-field-id=\"2\"><label class=\"wpforms-field-label\" for=\"wpforms-2388-field_2\">Mesajul <span class=\"wpforms-required-label\">*<\/span><\/label><textarea id=\"wpforms-2388-field_2\" class=\"wpforms-field-medium wpforms-field-required\" name=\"wpforms[fields][2]\" required><\/textarea><\/div>\t\t<div id=\"wpforms-2388-field_4-container\"\n\t\t\tclass=\"wpforms-field wpforms-field-text\"\n\t\t\tdata-field-type=\"text\"\n\t\t\tdata-field-id=\"4\"\n\t\t\t>\n\t\t\t<label class=\"wpforms-field-label\" for=\"wpforms-2388-field_4\" >Mesajul Nume Email<\/label>\n\t\t\t<input type=\"text\" id=\"wpforms-2388-field_4\" class=\"wpforms-field-medium\" name=\"wpforms[fields][4]\" >\n\t\t<\/div>\n\t\t<div id=\"wpforms-2388-field_3-container\" class=\"wpforms-field wpforms-field-gdpr-checkbox\" data-field-id=\"3\"><label class=\"wpforms-field-label\">Acord GDPR <span class=\"wpforms-required-label\">*<\/span><\/label><ul id=\"wpforms-2388-field_3\" class=\"wpforms-field-required\"><li class=\"choice-1\"><input type=\"checkbox\" id=\"wpforms-2388-field_3_1\" name=\"wpforms[fields][3][]\" value=\"Sunt de acord ca acest site s\u0103 stocheze informa\u021biile trimise de mine, astfel \u00eenc\u00e2t s\u0103 poat\u0103 r\u0103spunde la \u00eentrebarea mea.&lt;br&gt;Pentru aspecte legate de protec\u021bia datelor tale cu caracter personal te rugam sa consul\u021bi Politica de confiden\u021bialitate \u0219i de prelucrare a datelor cu caracter personal publicat\u0103 pe site.\" required ><label class=\"wpforms-field-label-inline\" for=\"wpforms-2388-field_3_1\">Sunt de acord ca acest site s\u0103 stocheze informa\u021biile trimise de mine, astfel \u00eenc\u00e2t s\u0103 poat\u0103 r\u0103spunde la \u00eentrebarea mea.<br>Pentru aspecte legate de protec\u021bia datelor tale cu caracter personal te rugam sa consul\u021bi Politica de confiden\u021bialitate \u0219i de prelucrare a datelor cu caracter personal publicat\u0103 pe site.<\/label><\/li><\/ul><\/div><script>\n\t\t\t\t( function() {\n\t\t\t\t\tconst style = document.createElement( 'style' );\n\t\t\t\t\tstyle.appendChild( document.createTextNode( '#wpforms-2388-field_4-container { position: absolute !important; overflow: hidden !important; display: inline !important; height: 1px !important; width: 1px !important; z-index: -1000 !important; padding: 0 !important; } #wpforms-2388-field_4-container input { visibility: hidden; } #wpforms-conversational-form-page #wpforms-2388-field_4-container label { counter-increment: none; }' ) );\n\t\t\t\t\tdocument.head.appendChild( style );\n\t\t\t\t\tdocument.currentScript?.remove();\n\t\t\t\t} )();\n\t\t\t<\/script><\/div><!-- .wpforms-field-container --><div class=\"wpforms-recaptcha-container wpforms-is-turnstile\" ><div class=\"wpforms-turnstile\" data-sitekey=\"0x4AAAAAAA8SRFPE3GPNcWKh\" data-action=\"FormID-2388\"><\/div><input type=\"text\" name=\"g-recaptcha-hidden\" class=\"wpforms-recaptcha-hidden\" style=\"position:absolute!important;clip:rect(0,0,0,0)!important;height:1px!important;width:1px!important;border:0!important;overflow:hidden!important;padding:0!important;margin:0!important;\" data-rule-turnstile=\"1\"><\/div><div class=\"wpforms-submit-container\" ><input type=\"hidden\" name=\"wpforms[id]\" value=\"2388\"><input type=\"hidden\" name=\"page_title\" value=\"\"><input type=\"hidden\" name=\"page_url\" value=\"https:\/\/restartbpt.ro\/wp\/wp-json\/wp\/v2\/pages\/2288\"><input type=\"hidden\" name=\"url_referer\" value=\"\"><button type=\"submit\" name=\"wpforms[submit]\" id=\"wpforms-submit-2388\" class=\"wpforms-submit\" data-alt-text=\"Se trimite...\" data-submit-text=\"Trimite\" aria-live=\"assertive\" value=\"wpforms-submit\">Trimite<\/button><img decoding=\"async\" src=\"https:\/\/restartbpt.ro\/wp\/wp-content\/plugins\/wpforms-lite\/assets\/images\/submit-spin.svg\" class=\"wpforms-submit-spinner\" style=\"display: none;\" width=\"26\" height=\"26\" alt=\"Loading\"><\/div><\/form><\/div>  <!-- .wpforms-container --><\/div>\n\t\t\t\t\t\t<\/div>\n\t\t\t\t<\/div>\n\t\t\t\t\t<\/div>\n\t\t<\/div>\n\t\t\t\t\t<\/div>\n\t\t<\/section>\n\t\t\t\t<\/div>\n\t\t","protected":false},"excerpt":{"rendered":"<p>Date de contact: Sediul social: \u00a0Bucure\u0219ti, Sector 3, Str. Nerva Traian, nr.27-33, Sc. B, Et.1, birou nr.6(la sediul social nu se lucreaz\u0103 cu publicul) Telefon &#8211; 021.555.12.81 (tarif normal) de luni p\u00e2n\u0103 vineri \u00eentre orele 09:00 \u2013 17:00 E-mail: Pentru \u00eenscrieri: economisire@restartbpt.ro Pentru credite: credite@restartbpt.ro Pentru sesiz\u0103ri GDPR: dpo@restartbpt.ro Pentru sugestii\/reclama\u021bii completa\u021bi c\u00e2mpurile de mai &hellip; <a href=\"https:\/\/restartbpt.ro\/wp\/contacteaza-ne\/\" class=\"more-link\">Continue reading<span class=\"screen-reader-text\"> &#8220;Contacteaz\u0103-ne&#8221;<\/span><\/a><\/p>\n","protected":false},"author":1,"featured_media":0,"parent":0,"menu_order":9,"comment_status":"closed","ping_status":"closed","template":"elementor_theme","meta":{"_eb_attr":"","iawp_total_views":2316,"footnotes":""},"class_list":["post-2288","page","type-page","status-publish","hentry"],"_links":{"self":[{"href":"https:\/\/restartbpt.ro\/wp\/wp-json\/wp\/v2\/pages\/2288","targetHints":{"allow":["GET"]}}],"collection":[{"href":"https:\/\/restartbpt.ro\/wp\/wp-json\/wp\/v2\/pages"}],"about":[{"href":"https:\/\/restartbpt.ro\/wp\/wp-json\/wp\/v2\/types\/page"}],"author":[{"embeddable":true,"href":"https:\/\/restartbpt.ro\/wp\/wp-json\/wp\/v2\/users\/1"}],"replies":[{"embeddable":true,"href":"https:\/\/restartbpt.ro\/wp\/wp-json\/wp\/v2\/comments?post=2288"}],"version-history":[{"count":11,"href":"https:\/\/restartbpt.ro\/wp\/wp-json\/wp\/v2\/pages\/2288\/revisions"}],"predecessor-version":[{"id":7859,"href":"https:\/\/restartbpt.ro\/wp\/wp-json\/wp\/v2\/pages\/2288\/revisions\/7859"}],"wp:attachment":[{"href":"https:\/\/restartbpt.ro\/wp\/wp-json\/wp\/v2\/media?parent=2288"}],"curies":[{"name":"wp","href":"https:\/\/api.w.org\/{rel}","templated":true}]}}