{"id":2616,"date":"2022-10-24T22:37:09","date_gmt":"2022-10-24T19:37:09","guid":{"rendered":"https:\/\/restartbpt.ro\/wp\/?page_id=2616"},"modified":"2023-07-19T02:04:54","modified_gmt":"2023-07-18T23:04:54","slug":"cine-suntem","status":"publish","type":"page","link":"https:\/\/restartbpt.ro\/wp\/cine-suntem\/","title":{"rendered":"Cine Suntem"},"content":{"rendered":"\t\t<div data-elementor-type=\"wp-page\" data-elementor-id=\"2616\" class=\"elementor elementor-2616\">\n\t\t\t\t\t\t<section class=\"elementor-section elementor-top-section elementor-element elementor-element-0969002 elementor-section-full_width elementor-section-height-default elementor-section-height-default\" data-id=\"0969002\" data-element_type=\"section\" data-e-type=\"section\">\n\t\t\t\t\t\t<div class=\"elementor-container elementor-column-gap-default\">\n\t\t\t\t\t<div class=\"elementor-column elementor-col-100 elementor-top-column elementor-element elementor-element-978c860\" data-id=\"978c860\" data-element_type=\"column\" data-e-type=\"column\">\n\t\t\t<div class=\"elementor-widget-wrap elementor-element-populated\">\n\t\t\t\t\t\t<div class=\"elementor-element elementor-element-f9ceeaa elementor-widget elementor-widget-spacer\" data-id=\"f9ceeaa\" data-element_type=\"widget\" data-e-type=\"widget\" data-widget_type=\"spacer.default\">\n\t\t\t\t<div class=\"elementor-widget-container\">\n\t\t\t\t\t\t\t<div class=\"elementor-spacer\">\n\t\t\t<div class=\"elementor-spacer-inner\"><\/div>\n\t\t<\/div>\n\t\t\t\t\t\t<\/div>\n\t\t\t\t<\/div>\n\t\t\t\t\t<\/div>\n\t\t<\/div>\n\t\t\t\t\t<\/div>\n\t\t<\/section>\n\t\t\t\t<section class=\"elementor-section elementor-top-section elementor-element elementor-element-b9025d4 elementor-section-boxed elementor-section-height-default elementor-section-height-default\" data-id=\"b9025d4\" data-element_type=\"section\" data-e-type=\"section\">\n\t\t\t\t\t\t<div class=\"elementor-container elementor-column-gap-default\">\n\t\t\t\t\t<div class=\"elementor-column elementor-col-100 elementor-top-column elementor-element elementor-element-f5196b7\" data-id=\"f5196b7\" data-element_type=\"column\" data-e-type=\"column\">\n\t\t\t<div class=\"elementor-widget-wrap elementor-element-populated\">\n\t\t\t\t\t\t<div class=\"elementor-element elementor-element-635c3c7 elementor-widget elementor-widget-spacer\" data-id=\"635c3c7\" data-element_type=\"widget\" data-e-type=\"widget\" data-widget_type=\"spacer.default\">\n\t\t\t\t<div class=\"elementor-widget-container\">\n\t\t\t\t\t\t\t<div class=\"elementor-spacer\">\n\t\t\t<div class=\"elementor-spacer-inner\"><\/div>\n\t\t<\/div>\n\t\t\t\t\t\t<\/div>\n\t\t\t\t<\/div>\n\t\t\t\t\t<\/div>\n\t\t<\/div>\n\t\t\t\t\t<\/div>\n\t\t<\/section>\n\t\t\t\t<section class=\"elementor-section elementor-top-section elementor-element elementor-element-420d248f elementor-section-boxed elementor-section-height-default elementor-section-height-default\" data-id=\"420d248f\" data-element_type=\"section\" data-e-type=\"section\">\n\t\t\t\t\t\t<div class=\"elementor-container elementor-column-gap-default\">\n\t\t\t\t\t<div class=\"elementor-column elementor-col-100 elementor-top-column elementor-element elementor-element-28febbfb\" data-id=\"28febbfb\" data-element_type=\"column\" data-e-type=\"column\">\n\t\t\t<div class=\"elementor-widget-wrap elementor-element-populated\">\n\t\t\t\t\t\t<div class=\"elementor-element elementor-element-77c6152c elementor-widget elementor-widget-text-editor\" data-id=\"77c6152c\" data-element_type=\"widget\" data-e-type=\"widget\" data-widget_type=\"text-editor.default\">\n\t\t\t\t<div class=\"elementor-widget-container\">\n\t\t\t\t\t\t\t\t\t<p><\/p>\n<p style=\"text-align: center;\"><strong>Suntem 40 de fo\u0219ti colegi \u00eentr-o frumoas\u0103 poveste financiar\u0103 numit\u0103 Bancpost, hot\u0103r\u00e2\u021bi s\u0103 \u201c<i>restart\u0103m<\/i>\u201d spiritul pove\u0219tii!<\/strong><\/p>\n<p style=\"text-align: center;\"><span style=\"letter-spacing: 0.025em;\"><b>Cum?\u00a0<\/b><\/span><\/p>\n<p style=\"text-align: center;\"><span style=\"letter-spacing: 0.025em;\"><b>Pun\u00e2ndu-ne experien\u021ba bancar\u0103 \u00een slujba unor activit\u0103\u021bi sociale, oferind membrilor no\u0219tri acele produse \u0219i servicii financiare de care au nevoie.<\/b><\/span><\/p>\n<p style=\"text-align: center;\"><\/p>\n<p style=\"text-align: center;\"><\/p>\n<p style=\"text-align: center;\"><b>Acest deziderat ne-a c\u0103l\u0103uzit \u0219i \u00een definirea misiunii, viziunii \u0219i valorilor care stau la baza strategiei noastre de dezvoltare.<\/b><\/p>\n<p><\/p>\t\t\t\t\t\t\t\t<\/div>\n\t\t\t\t<\/div>\n\t\t\t\t\t<\/div>\n\t\t<\/div>\n\t\t\t\t\t<\/div>\n\t\t<\/section>\n\t\t\t\t<section class=\"elementor-section elementor-top-section elementor-element elementor-element-6e47297 elementor-section-boxed elementor-section-height-default elementor-section-height-default\" data-id=\"6e47297\" data-element_type=\"section\" data-e-type=\"section\">\n\t\t\t\t\t\t<div class=\"elementor-container elementor-column-gap-default\">\n\t\t\t\t\t<div class=\"elementor-column elementor-col-100 elementor-top-column elementor-element elementor-element-f692489\" data-id=\"f692489\" data-element_type=\"column\" data-e-type=\"column\">\n\t\t\t<div class=\"elementor-widget-wrap elementor-element-populated\">\n\t\t\t\t\t\t<div class=\"elementor-element elementor-element-23fe577 elementor-widget-divider--view-line_icon elementor-view-default elementor-widget-divider--element-align-center elementor-widget elementor-widget-divider\" data-id=\"23fe577\" data-element_type=\"widget\" data-e-type=\"widget\" data-widget_type=\"divider.default\">\n\t\t\t\t<div class=\"elementor-widget-container\">\n\t\t\t\t\t\t\t<div class=\"elementor-divider\">\n\t\t\t<span class=\"elementor-divider-separator\">\n\t\t\t\t\t\t\t<div class=\"elementor-icon elementor-divider__element\">\n\t\t\t\t\t<i aria-hidden=\"true\" class=\"fab fa-black-tie\"><\/i><\/div>\n\t\t\t\t\t\t<\/span>\n\t\t<\/div>\n\t\t\t\t\t\t<\/div>\n\t\t\t\t<\/div>\n\t\t\t\t\t<\/div>\n\t\t<\/div>\n\t\t\t\t\t<\/div>\n\t\t<\/section>\n\t\t\t\t<section class=\"elementor-section elementor-top-section elementor-element elementor-element-59970de elementor-section-boxed elementor-section-height-default elementor-section-height-default\" data-id=\"59970de\" data-element_type=\"section\" data-e-type=\"section\">\n\t\t\t\t\t\t<div class=\"elementor-container elementor-column-gap-default\">\n\t\t\t\t\t<div class=\"elementor-column elementor-col-100 elementor-top-column elementor-element elementor-element-b633add\" data-id=\"b633add\" data-element_type=\"column\" data-e-type=\"column\">\n\t\t\t<div class=\"elementor-widget-wrap elementor-element-populated\">\n\t\t\t\t\t\t<div class=\"elementor-element elementor-element-0c8121b elementor-widget elementor-widget-heading\" data-id=\"0c8121b\" data-element_type=\"widget\" data-e-type=\"widget\" data-widget_type=\"heading.default\">\n\t\t\t\t<div class=\"elementor-widget-container\">\n\t\t\t\t\t<h2 class=\"elementor-heading-title elementor-size-default\">Carta Membrilor Fondatori C.A.R. RESTART BPT<\/h2>\t\t\t\t<\/div>\n\t\t\t\t<\/div>\n\t\t\t\t\t<\/div>\n\t\t<\/div>\n\t\t\t\t\t<\/div>\n\t\t<\/section>\n\t\t\t\t<section class=\"elementor-section elementor-top-section elementor-element elementor-element-3a898fa elementor-section-boxed elementor-section-height-default elementor-section-height-default\" data-id=\"3a898fa\" data-element_type=\"section\" data-e-type=\"section\">\n\t\t\t\t\t\t<div class=\"elementor-container elementor-column-gap-default\">\n\t\t\t\t\t<div class=\"elementor-column elementor-col-100 elementor-top-column elementor-element elementor-element-cc85e42\" data-id=\"cc85e42\" data-element_type=\"column\" data-e-type=\"column\">\n\t\t\t<div class=\"elementor-widget-wrap elementor-element-populated\">\n\t\t\t\t\t\t<div class=\"elementor-element elementor-element-1e735fd elementor-widget elementor-widget-text-editor\" data-id=\"1e735fd\" data-element_type=\"widget\" data-e-type=\"widget\" data-widget_type=\"text-editor.default\">\n\t\t\t\t<div class=\"elementor-widget-container\">\n\t\t\t\t\t\t\t\t\t<p style=\"padding-left: 40px;\"><strong>\u00a0 1. Conducerea \u0219i administrarea C.A.R. RESTART BPT asigurat\u0103 prin prezen\u021ba a minim 51% dintre membrii fondatori \u00een structurile administrative \u0219i de conducere ale asocia\u021biei.<\/strong><\/p>\n<p style=\"padding-left: 40px;\"><strong>\u00a0 2. Implicarea unui num\u0103r c\u00e2t mai mare de membri fondatori \u00een actul decizional, prin alegerea \u00een Consiliul Director, conform condi\u021biilor statutare, a minim doi manageri de v\u00e2nz\u0103ri.<\/strong><\/p>\n<p style=\"padding-left: 40px;\"><strong>\u00a0 3. Implementarea unui sistem de conducere dualist, cu mandate limitate pentru membrii Consiliului Director, dar care s\u0103 asigure continuitatea politicilor asocia\u021biei.<\/strong><\/p>\n<p style=\"padding-left: 40px;\"><strong>\u00a0 4. Preg\u0103tirea \u0219i sprijinirea membrilor fondatori mai tineri privind implicarea \u00een conducerea \u0219i administrarea asocia\u021biei.<\/strong><\/p>\n<p style=\"padding-left: 40px;\"><strong>\u00a0 5. Sus\u021binerea managerilor de v\u00e2nz\u0103ri \u00een atingerea c\u00e2t mai rapid\u0103 a criteriilor de sustenabilitate regional\u0103, care s\u0103 permit\u0103 \u00eenfiin\u021barea sediilor de sucursale \u0219i filiale teritoriale.<\/strong><\/p>\n<p style=\"padding-left: 40px;\"><strong>\u00a0 6. Aplicarea unei politici sociale echitabile \u0219i deopotriv\u0103 motiva\u021bionale de salarizare a personalului C.A.R., prin stabilirea unui raport de maxim 1:5 intre cel mai mic \u0219i cel mai mare salariu fix \u0219i acordarea de bonusuri pe criterii de performan\u021b\u0103.<\/strong><\/p>\n<p style=\"padding-left: 40px;\"><strong>\u00a0 7. Accent pe instrumente financiare inovatoare, dedicate salaria\u021bilor cu venituri reduse sau afla\u021bi \u00een risc de s\u0103r\u0103cie\/excluziune social\u0103, conform indicatorului AROPE, a micilor antreprenori, pensionarilor \u0219i persoanelor cu dizabilit\u0103\u021bi. <\/strong><\/p>\n<p style=\"padding-left: 40px;\"><strong>\u00a0 8. Ob\u021binerea atest\u0103rii C.A.R. RESTART BPT ca \u201c\u00centreprindere social\u0103\u201d, conform Legii nr.219\/2015 privind economia social\u0103.<\/strong><\/p>\n<p style=\"padding-left: 40px;\"><strong>\u00a0 9. Sus\u021binerea \u0219i promovarea de proiecte sociale, al\u0103turi de ONG-uri \u0219i alte entit\u0103\u021bi juridice publice \u0219i private, cu participarea membrilor fondatori.<\/strong><\/p>\n<p style=\"padding-left: 40px;\"><strong>10. Implicarea \u00een servicii \u0219i activit\u0103\u021bi economice auxiliare cu impact social, \u00een care membrii fondatori s\u0103 activeze direct ca salaria\u021bi sau manageri de proiecte.<\/strong><\/p>\t\t\t\t\t\t\t\t<\/div>\n\t\t\t\t<\/div>\n\t\t\t\t\t<\/div>\n\t\t<\/div>\n\t\t\t\t\t<\/div>\n\t\t<\/section>\n\t\t\t\t<section class=\"elementor-section elementor-top-section elementor-element elementor-element-ea12e47 elementor-section-boxed elementor-section-height-default elementor-section-height-default\" data-id=\"ea12e47\" data-element_type=\"section\" data-e-type=\"section\">\n\t\t\t\t\t\t<div class=\"elementor-container elementor-column-gap-default\">\n\t\t\t\t\t<div class=\"elementor-column elementor-col-100 elementor-top-column elementor-element elementor-element-141291b\" data-id=\"141291b\" data-element_type=\"column\" data-e-type=\"column\">\n\t\t\t<div class=\"elementor-widget-wrap\">\n\t\t\t\t\t\t\t<\/div>\n\t\t<\/div>\n\t\t\t\t\t<\/div>\n\t\t<\/section>\n\t\t\t\t<section class=\"elementor-section elementor-top-section elementor-element elementor-element-a7ac397 elementor-section-boxed elementor-section-height-default elementor-section-height-default\" data-id=\"a7ac397\" data-element_type=\"section\" data-e-type=\"section\">\n\t\t\t\t\t\t<div class=\"elementor-container elementor-column-gap-default\">\n\t\t\t\t\t<div class=\"elementor-column elementor-col-100 elementor-top-column elementor-element elementor-element-0410355\" data-id=\"0410355\" data-element_type=\"column\" data-e-type=\"column\">\n\t\t\t<div class=\"elementor-widget-wrap elementor-element-populated\">\n\t\t\t\t\t\t<div class=\"elementor-element elementor-element-3623c32 elementor-widget-divider--view-line_icon elementor-view-default elementor-widget-divider--element-align-center elementor-widget elementor-widget-divider\" data-id=\"3623c32\" data-element_type=\"widget\" data-e-type=\"widget\" data-widget_type=\"divider.default\">\n\t\t\t\t<div class=\"elementor-widget-container\">\n\t\t\t\t\t\t\t<div class=\"elementor-divider\">\n\t\t\t<span class=\"elementor-divider-separator\">\n\t\t\t\t\t\t\t<div class=\"elementor-icon elementor-divider__element\">\n\t\t\t\t\t<i aria-hidden=\"true\" class=\"fab fa-black-tie\"><\/i><\/div>\n\t\t\t\t\t\t<\/span>\n\t\t<\/div>\n\t\t\t\t\t\t<\/div>\n\t\t\t\t<\/div>\n\t\t\t\t\t<\/div>\n\t\t<\/div>\n\t\t\t\t\t<\/div>\n\t\t<\/section>\n\t\t\t\t<section class=\"elementor-section elementor-top-section elementor-element elementor-element-310cbef elementor-section-boxed elementor-section-height-default elementor-section-height-default\" data-id=\"310cbef\" data-element_type=\"section\" data-e-type=\"section\">\n\t\t\t\t\t\t<div class=\"elementor-container elementor-column-gap-default\">\n\t\t\t\t\t<div class=\"elementor-column elementor-col-100 elementor-top-column elementor-element elementor-element-6363968\" data-id=\"6363968\" data-element_type=\"column\" data-e-type=\"column\">\n\t\t\t<div class=\"elementor-widget-wrap\">\n\t\t\t\t\t\t\t<\/div>\n\t\t<\/div>\n\t\t\t\t\t<\/div>\n\t\t<\/section>\n\t\t\t\t<section class=\"elementor-section elementor-top-section elementor-element elementor-element-d56f4e2 elementor-section-boxed elementor-section-height-default elementor-section-height-default\" data-id=\"d56f4e2\" data-element_type=\"section\" data-e-type=\"section\">\n\t\t\t\t\t\t<div class=\"elementor-container elementor-column-gap-default\">\n\t\t\t\t\t<div class=\"elementor-column elementor-col-100 elementor-top-column elementor-element elementor-element-4da934e\" data-id=\"4da934e\" data-element_type=\"column\" data-e-type=\"column\">\n\t\t\t<div class=\"elementor-widget-wrap elementor-element-populated\">\n\t\t\t\t\t\t<div class=\"elementor-element elementor-element-dabf92b elementor-widget elementor-widget-text-editor\" data-id=\"dabf92b\" data-element_type=\"widget\" data-e-type=\"widget\" data-widget_type=\"text-editor.default\">\n\t\t\t\t<div class=\"elementor-widget-container\">\n\t\t\t\t\t\t\t\t\t<h3 style=\"margin-top: 2.43478em; margin-bottom: 1.21739em; line-height: 1.21739; color: #d23a1e; text-align: center;\"><span style=\"font-weight: bold;\">C.A.R. RESTART BPT func\u021bioneaz\u0103 \u00een baza urm\u0103toarelor acte normative:<\/span><\/h3>\t\t\t\t\t\t\t\t<\/div>\n\t\t\t\t<\/div>\n\t\t\t\t<div class=\"elementor-element elementor-element-11548b1 elementor-widget elementor-widget-text-editor\" data-id=\"11548b1\" data-element_type=\"widget\" data-e-type=\"widget\" data-widget_type=\"text-editor.default\">\n\t\t\t\t<div class=\"elementor-widget-container\">\n\t\t\t\t\t\t\t\t\t<p><\/p>\n<ul>\n<li style=\"list-style-type: none;\">\n<ul>\n<li style=\"list-style-type: none;\">\n<ul>\n<li style=\"list-style-type: none;\">\n<ul>\n<li><strong>Legea nr.122\/1996 (republicat\u0103) privind regimul juridic al caselor de ajutor reciproc ale salaria\u021bilor \u0219i al uniunilor acestora<\/strong><\/li>\n<li><strong>OUG nr.26\/2000 cu privire la asocia\u021bii \u0219i funda\u021bii, aprobat\u0103 prin Legea nr.246\/2005<\/strong><\/li>\n<li><strong>Legea nr.93\/2009 privind institu\u021biile financiare nebancare<\/strong><\/li>\n<li><strong>Regulamentul BNR nr.20\/2009 privind institu\u021biile financiare nebancare<\/strong><\/li>\n<li><strong>OUG nr.50\/2010 (actualizat\u0103) privind contractele de credit pentru consumatori<\/strong><\/li>\n<li><strong>Legea nr.227\/2015 privind Codul fiscal (actualizat\u0103)<\/strong><\/li>\n<li><strong>Regulamentul UE nr.679\/2016 privind protec\u021bia persoanelor fizice \u00een ceea ce prive\u0219te prelucrarea datelor cu caracter personal<\/strong><\/li>\n<li><strong>Legea nr.129\/2019 pentru prevenirea \u0219i combaterea sp\u0103l\u0103rii banilor \u0219i finan\u021b\u0103rii terorismului, precum \u0219i pentru modificarea \u0219i completarea unor acte normative.<\/strong><\/li>\n<li><strong>Legea contabilit\u0103\u021bii nr.82\/1991 (republicat\u0103) <\/strong><\/li>\n<\/ul>\n<\/li>\n<\/ul>\n<\/li>\n<\/ul>\n<\/li>\n<\/ul>\n<p><\/p>\t\t\t\t\t\t\t\t<\/div>\n\t\t\t\t<\/div>\n\t\t\t\t\t<\/div>\n\t\t<\/div>\n\t\t\t\t\t<\/div>\n\t\t<\/section>\n\t\t\t\t<\/div>\n\t\t","protected":false},"excerpt":{"rendered":"<p>Suntem 40 de fo\u0219ti colegi \u00eentr-o frumoas\u0103 poveste financiar\u0103 numit\u0103 Bancpost, hot\u0103r\u00e2\u021bi s\u0103 \u201crestart\u0103m\u201d spiritul pove\u0219tii! Cum?\u00a0 Pun\u00e2ndu-ne experien\u021ba bancar\u0103 \u00een slujba unor activit\u0103\u021bi sociale, oferind membrilor no\u0219tri acele produse \u0219i servicii financiare de care au nevoie. Acest deziderat ne-a c\u0103l\u0103uzit \u0219i \u00een definirea misiunii, viziunii \u0219i valorilor care stau la baza strategiei noastre de &hellip; <a href=\"https:\/\/restartbpt.ro\/wp\/cine-suntem\/\" class=\"more-link\">Continue reading<span class=\"screen-reader-text\"> &#8220;Cine Suntem&#8221;<\/span><\/a><\/p>\n","protected":false},"author":1,"featured_media":0,"parent":0,"menu_order":0,"comment_status":"closed","ping_status":"closed","template":"elementor_theme","meta":{"_eb_attr":"","iawp_total_views":1081,"footnotes":""},"class_list":["post-2616","page","type-page","status-publish","hentry"],"_links":{"self":[{"href":"https:\/\/restartbpt.ro\/wp\/wp-json\/wp\/v2\/pages\/2616","targetHints":{"allow":["GET"]}}],"collection":[{"href":"https:\/\/restartbpt.ro\/wp\/wp-json\/wp\/v2\/pages"}],"about":[{"href":"https:\/\/restartbpt.ro\/wp\/wp-json\/wp\/v2\/types\/page"}],"author":[{"embeddable":true,"href":"https:\/\/restartbpt.ro\/wp\/wp-json\/wp\/v2\/users\/1"}],"replies":[{"embeddable":true,"href":"https:\/\/restartbpt.ro\/wp\/wp-json\/wp\/v2\/comments?post=2616"}],"version-history":[{"count":5,"href":"https:\/\/restartbpt.ro\/wp\/wp-json\/wp\/v2\/pages\/2616\/revisions"}],"predecessor-version":[{"id":4888,"href":"https:\/\/restartbpt.ro\/wp\/wp-json\/wp\/v2\/pages\/2616\/revisions\/4888"}],"wp:attachment":[{"href":"https:\/\/restartbpt.ro\/wp\/wp-json\/wp\/v2\/media?parent=2616"}],"curies":[{"name":"wp","href":"https:\/\/api.w.org\/{rel}","templated":true}]}}