{"id":6274,"date":"2024-10-06T21:23:51","date_gmt":"2024-10-06T18:23:51","guid":{"rendered":"https:\/\/restartbpt.ro\/wp\/?page_id=6274"},"modified":"2025-09-18T22:12:05","modified_gmt":"2025-09-18T19:12:05","slug":"lista-castigatorilor","status":"publish","type":"page","link":"https:\/\/restartbpt.ro\/wp\/concursuri\/lista-castigatorilor\/","title":{"rendered":"Lista c\u00e2\u0219tig\u0103torilor"},"content":{"rendered":"\t\t<div data-elementor-type=\"wp-page\" data-elementor-id=\"6274\" class=\"elementor elementor-6274\">\n\t\t\t\t\t\t<section class=\"elementor-section elementor-top-section elementor-element elementor-element-42bc2062 elementor-section-boxed elementor-section-height-default elementor-section-height-default\" data-id=\"42bc2062\" data-element_type=\"section\" data-e-type=\"section\">\n\t\t\t\t\t\t<div class=\"elementor-container elementor-column-gap-default\">\n\t\t\t\t\t<div class=\"elementor-column elementor-col-100 elementor-top-column elementor-element elementor-element-3a18aed7\" data-id=\"3a18aed7\" data-element_type=\"column\" data-e-type=\"column\">\n\t\t\t<div class=\"elementor-widget-wrap elementor-element-populated\">\n\t\t\t\t\t\t<div class=\"elementor-element elementor-element-e080aff elementor-widget elementor-widget-spacer\" data-id=\"e080aff\" data-element_type=\"widget\" data-e-type=\"widget\" data-widget_type=\"spacer.default\">\n\t\t\t\t<div class=\"elementor-widget-container\">\n\t\t\t\t\t\t\t<div class=\"elementor-spacer\">\n\t\t\t<div class=\"elementor-spacer-inner\"><\/div>\n\t\t<\/div>\n\t\t\t\t\t\t<\/div>\n\t\t\t\t<\/div>\n\t\t\t\t<div class=\"elementor-element elementor-element-367a25e1 elementor-widget elementor-widget-text-editor\" data-id=\"367a25e1\" data-element_type=\"widget\" data-e-type=\"widget\" data-widget_type=\"text-editor.default\">\n\t\t\t\t<div class=\"elementor-widget-container\">\n\t\t\t\t\t\t\t\t\t<h1 style=\"text-align: left;\">\u00a0<\/h1><h1><img decoding=\"async\" src=\"https:\/\/restartbpt.ro\/wp\/wp-content\/uploads\/2024\/05\/sigla_cndr_fb.webp\" alt=\"\" width=\"214\" height=\"214\" \/><\/h1><h4>Concurs Campanie &#8220;Economisirea \u2013 calea spre independen\u021b\u0103 financiar\u0103&#8221;<\/h4><h3 style=\"text-align: left;\"><span data-teams=\"true\"><span class=\"ui-provider a b c d e f g h i j k l m n o p q r s t u v w x y z ab ac ae af ag ah ai aj ak\" dir=\"ltr\"><b>Lista c\u00e2\u0219tig\u0103torilor<\/b>\u00a0<br \/><\/span><\/span><b><a style=\"font-size: 1.4375rem; background-color: #ffffff; letter-spacing: 0.025em;\" href=\"https:\/\/restartbpt.ro\/wp\/concursuri\/campanie-economisirea-calea-spre-independenta-financiara-concursul-premiantilor\/\" target=\"_blank\" rel=\"noopener\">Etapa II \u201eFinan\u021be f\u0103r\u0103 bariere \u2013 Concursul premian\u021bilor<\/a><span style=\"font-size: 1.4375rem; letter-spacing: 0.025em;\">\u201d<\/span><\/b><\/h3>\t\t\t\t\t\t\t\t<\/div>\n\t\t\t\t<\/div>\n\t\t\t\t<div class=\"elementor-element elementor-element-77d976c elementor-view-default elementor-widget elementor-widget-icon\" data-id=\"77d976c\" data-element_type=\"widget\" data-e-type=\"widget\" data-widget_type=\"icon.default\">\n\t\t\t\t<div class=\"elementor-widget-container\">\n\t\t\t\t\t\t\t<div class=\"elementor-icon-wrapper\">\n\t\t\t<div class=\"elementor-icon\">\n\t\t\t<i aria-hidden=\"true\" class=\"fas fa-medal\"><\/i>\t\t\t<\/div>\n\t\t<\/div>\n\t\t\t\t\t\t<\/div>\n\t\t\t\t<\/div>\n\t\t\t\t<div class=\"elementor-element elementor-element-d3618bc elementor-widget elementor-widget-text-editor\" data-id=\"d3618bc\" data-element_type=\"widget\" data-e-type=\"widget\" data-widget_type=\"text-editor.default\">\n\t\t\t\t<div class=\"elementor-widget-container\">\n\t\t\t\t\t\t\t\t\t<p>Primele 3 (trei) locuri au fost ocupate de urm\u0103torii concuren\u021bi:<\/p><div><figure><table style=\"height: 171px;\" width=\"833\"><tbody><tr><td><strong>Nume, prenume<\/strong><\/td><td><strong>Locul<\/strong><\/td><td><strong>R\u0103spunsuri corecte<\/strong><\/td><td><strong>Timp r\u0103spuns<\/strong><\/td><td><strong>Premiu (lei)<\/strong><\/td><\/tr><tr><td>******************<\/td><td><strong>1<\/strong><\/td><td>15<\/td><td>19:02:33<\/td><td>600<\/td><\/tr><tr><td>******************<\/td><td><strong>2<\/strong><\/td><td>15<\/td><td>19:04:08<\/td><td>500<\/td><\/tr><tr><td>******************<\/td><td><strong>3<\/strong><\/td><td>15<\/td><td>19:04:11<\/td><td>400<\/td><\/tr><\/tbody><\/table><\/figure><p>Men\u021biuni de participare \u00een valoare de 300lei fiecare, au fost acordate urm\u0103torilor concuren\u021bi:<\/p><figure><table><tbody><tr><td><strong>Nume, prenume<\/strong><\/td><td><strong>Locul<\/strong><\/td><td><strong>R\u0103spunsuri corecte<\/strong><\/td><td><strong>Timp r\u0103spuns<\/strong><\/td><td><strong>Premiu (lei)<\/strong><\/td><\/tr><tr><td>******************<\/td><td>4<\/td><td>15<\/td><td>19:04:25<\/td><td>300<\/td><\/tr><tr><td>******************<\/td><td>5<\/td><td>14<\/td><td>19:03:01<\/td><td>300<\/td><\/tr><tr><td>******************<\/td><td>6<\/td><td>14<\/td><td>19:03:44<\/td><td>300<\/td><\/tr><tr><td>******************<\/td><td>7<\/td><td>14<\/td><td>19:04:29<\/td><td>300<\/td><\/tr><tr><td>******************<\/td><td>8<\/td><td>14<\/td><td>19:04:31<\/td><td>300<\/td><\/tr><tr><td>******************<\/td><td>9<\/td><td>14<\/td><td>19:05:12<\/td><td>300<\/td><\/tr><tr><td>******************<\/td><td>10<\/td><td>14<\/td><td>19:06:25<\/td><td>300<\/td><\/tr><tr><td>******************<\/td><td>11<\/td><td>14<\/td><td>19:10:05<\/td><td>300<\/td><\/tr><tr><td>******************<\/td><td>12<\/td><td>14<\/td><td>19:10:44<\/td><td>300<\/td><\/tr><tr><td>******************<\/td><td>13<\/td><td>14<\/td><td>19:54:43<\/td><td>300<\/td><\/tr><\/tbody><\/table><\/figure><\/div>\t\t\t\t\t\t\t\t<\/div>\n\t\t\t\t<\/div>\n\t\t\t\t<div class=\"elementor-element elementor-element-d14eee3 elementor-view-default elementor-widget elementor-widget-icon\" data-id=\"d14eee3\" data-element_type=\"widget\" data-e-type=\"widget\" data-widget_type=\"icon.default\">\n\t\t\t\t<div class=\"elementor-widget-container\">\n\t\t\t\t\t\t\t<div class=\"elementor-icon-wrapper\">\n\t\t\t<div class=\"elementor-icon\">\n\t\t\t<i aria-hidden=\"true\" class=\"fas fa-medal\"><\/i>\t\t\t<\/div>\n\t\t<\/div>\n\t\t\t\t\t\t<\/div>\n\t\t\t\t<\/div>\n\t\t\t\t<div class=\"elementor-element elementor-element-a46f953 elementor-widget elementor-widget-text-editor\" data-id=\"a46f953\" data-element_type=\"widget\" data-e-type=\"widget\" data-widget_type=\"text-editor.default\">\n\t\t\t\t<div class=\"elementor-widget-container\">\n\t\t\t\t\t\t\t\t\t<p><span style=\"font-size: 1.4375rem; letter-spacing: 0.375px; font-weight: bold;\">Lista c\u00e2\u0219tig\u0103torilor<\/span><span style=\"font-size: 1.4375rem; letter-spacing: 0.375px;\">\u00a0Etapei I \u0219i a celor care s-au calificat pentru etapa a doua a concursului &#8211;\u00a0<\/span><a style=\"font-size: 1.4375rem; letter-spacing: 0.375px; background-color: #ffffff;\" href=\"https:\/\/restartbpt.ro\/wp\/concursuri\/campanie-economisirea-calea-spre-independenta-financiara-concursul-premiantilor\/\" target=\"_blank\" rel=\"noopener\">Etapa II \u201eFinan\u021be f\u0103r\u0103 bariere \u2013 Concursul premian\u021bilor<\/a><span style=\"font-size: 1.4375rem; letter-spacing: 0.375px;\">\u201d<\/span><\/p>\t\t\t\t\t\t\t\t<\/div>\n\t\t\t\t<\/div>\n\t\t\t\t<div class=\"elementor-element elementor-element-2c93de4 elementor-invisible elementor-widget elementor-widget-accordion\" data-id=\"2c93de4\" data-element_type=\"widget\" data-e-type=\"widget\" data-settings=\"{&quot;_animation&quot;:&quot;flash&quot;}\" data-widget_type=\"accordion.default\">\n\t\t\t\t<div class=\"elementor-widget-container\">\n\t\t\t\t\t\t\t<div class=\"elementor-accordion\">\n\t\t\t\t\t\t\t<div class=\"elementor-accordion-item\">\n\t\t\t\t\t<h3 id=\"elementor-tab-title-4671\" class=\"elementor-tab-title\" data-tab=\"1\" role=\"button\" aria-controls=\"elementor-tab-content-4671\" aria-expanded=\"false\">\n\t\t\t\t\t\t\t\t\t\t\t\t\t<span class=\"elementor-accordion-icon elementor-accordion-icon-left\" aria-hidden=\"true\">\n\t\t\t\t\t\t\t\t\t\t\t\t\t\t\t<span class=\"elementor-accordion-icon-closed\"><i class=\"fas fa-plus\"><\/i><\/span>\n\t\t\t\t\t\t\t\t<span class=\"elementor-accordion-icon-opened\"><\/span>\n\t\t\t\t\t\t\t\t\t\t\t\t\t\t<\/span>\n\t\t\t\t\t\t\t\t\t\t\t\t<a class=\"elementor-accordion-title\" tabindex=\"0\">C\u00e2\u0219tig\u0103torii rundei 3<\/a>\n\t\t\t\t\t<\/h3>\n\t\t\t\t\t<div id=\"elementor-tab-content-4671\" class=\"elementor-tab-content elementor-clearfix\" data-tab=\"1\" role=\"region\" aria-labelledby=\"elementor-tab-title-4671\"><h6><strong>C\u00e2\u0219tig\u0103torii rundei 3:<\/strong><\/h6><ul><li style=\"list-style-type: none;\"><ul><li style=\"list-style-type: none;\"><ul><li><strong>Locul I:<\/strong>\u00a0******************,\u00a0<em>timp r\u0103spuns:\u00a0<\/em>10:00:13<\/li><li><strong>Locul II:<\/strong>\u00a0******************, <em>timp r\u0103spuns:\u00a0<\/em>10:00:15<\/li><li><strong>Locul III:\u00a0<\/strong>*****************, <em>timp r\u0103spuns:\u00a0<\/em>10:00:18<\/li><\/ul><\/li><\/ul><\/li><\/ul><h6><strong>Concuren\u021bi califica\u021bi \u00een etapa a II-a:<\/strong><\/h6><p style=\"padding-left: 40px;\">\u00cen urma rundei a 3-a nu s-a mai calificat niciun concurent nou \u00een etapa a II-a<\/p><\/div>\n\t\t\t\t<\/div>\n\t\t\t\t\t\t\t<div class=\"elementor-accordion-item\">\n\t\t\t\t\t<h3 id=\"elementor-tab-title-4672\" class=\"elementor-tab-title\" data-tab=\"2\" role=\"button\" aria-controls=\"elementor-tab-content-4672\" aria-expanded=\"false\">\n\t\t\t\t\t\t\t\t\t\t\t\t\t<span class=\"elementor-accordion-icon elementor-accordion-icon-left\" aria-hidden=\"true\">\n\t\t\t\t\t\t\t\t\t\t\t\t\t\t\t<span class=\"elementor-accordion-icon-closed\"><i class=\"fas fa-plus\"><\/i><\/span>\n\t\t\t\t\t\t\t\t<span class=\"elementor-accordion-icon-opened\"><\/span>\n\t\t\t\t\t\t\t\t\t\t\t\t\t\t<\/span>\n\t\t\t\t\t\t\t\t\t\t\t\t<a class=\"elementor-accordion-title\" tabindex=\"0\">C\u00e2\u0219tig\u0103torii rundei 2<\/a>\n\t\t\t\t\t<\/h3>\n\t\t\t\t\t<div id=\"elementor-tab-content-4672\" class=\"elementor-tab-content elementor-clearfix\" data-tab=\"2\" role=\"region\" aria-labelledby=\"elementor-tab-title-4672\"><h6><strong>C\u00e2\u0219tig\u0103torii rundei 2:<\/strong><\/h6><ul><li style=\"list-style-type: none;\"><ul><li style=\"list-style-type: none;\"><ul><li><strong>Locul I:<\/strong>\u00a0******************,<em> timp r\u0103spuns:<\/em>\u00a0 \u00a0 \u00a010:00:18\u00a0 \u00a0 \u00a0\u00a0<\/li><li><strong>Locul II:<\/strong>\u00a0*****************, <em>timp r\u0103spuns:<\/em>\u00a0 \u00a0 \u00a010:00:22<\/li><li><strong>Locul III:\u00a0\u00a0\u00a0\u00a0\u00a0\u00a0 <\/strong><ul><li style=\"list-style-type: none;\"><ul><li style=\"list-style-type: none;\"><ul><li style=\"list-style-type: none;\"><ul><li>******************,<em> timp r\u0103spuns:<\/em>\u00a0 \u00a0 \u00a010:00:23<\/li><li>******************,<em> timp r\u0103spuns:<\/em>\u00a0 \u00a0 \u00a010:00:23<\/li><li>******************,<em> timp r\u0103spuns:<\/em>\u00a0 \u00a0 \u00a010:00:23\u00a0 \u00a0 \u00a0\u00a0<\/li><\/ul><\/li><\/ul><\/li><\/ul><\/li><\/ul><\/li><\/ul><\/li><\/ul><\/li><\/ul><h6><strong>Concuren\u021bi califica\u021bi \u00een etapa a II-a:<\/strong><\/h6><p>Al\u0103turi de cei 27 de concuren\u021bi califica\u021bi \u00een etapa a II-a dup\u0103 prima rund\u0103, urm\u0103torii concuren\u021bi au dat r\u0103spunsul corect \u00een a doua rund\u0103 \u0219i s-au calificat pentru etapa a II-a:<\/p><ol><li style=\"list-style-type: none;\"><ol><li style=\"list-style-type: none;\"><ol><li>******************, <em>timp r\u0103spuns:<\/em>\u00a0\u00a0\u00a0 10:02:25<\/li><li>******************,<em> timp r\u0103spuns:<\/em>\u00a0\u00a0\u00a0 10:03:14<\/li><li>******************, <em>timp r\u0103spun<\/em>s:\u00a0 \u00a0 10:26:49<\/li><\/ol><\/li><\/ol><\/li><\/ol><\/div>\n\t\t\t\t<\/div>\n\t\t\t\t\t\t\t<div class=\"elementor-accordion-item\">\n\t\t\t\t\t<h3 id=\"elementor-tab-title-4673\" class=\"elementor-tab-title\" data-tab=\"3\" role=\"button\" aria-controls=\"elementor-tab-content-4673\" aria-expanded=\"false\">\n\t\t\t\t\t\t\t\t\t\t\t\t\t<span class=\"elementor-accordion-icon elementor-accordion-icon-left\" aria-hidden=\"true\">\n\t\t\t\t\t\t\t\t\t\t\t\t\t\t\t<span class=\"elementor-accordion-icon-closed\"><i class=\"fas fa-plus\"><\/i><\/span>\n\t\t\t\t\t\t\t\t<span class=\"elementor-accordion-icon-opened\"><\/span>\n\t\t\t\t\t\t\t\t\t\t\t\t\t\t<\/span>\n\t\t\t\t\t\t\t\t\t\t\t\t<a class=\"elementor-accordion-title\" tabindex=\"0\">C\u00e2\u0219tig\u0103torii rundei 1<\/a>\n\t\t\t\t\t<\/h3>\n\t\t\t\t\t<div id=\"elementor-tab-content-4673\" class=\"elementor-tab-content elementor-clearfix\" data-tab=\"3\" role=\"region\" aria-labelledby=\"elementor-tab-title-4673\"><h6><strong>C\u00e2\u0219tig\u0103torii rundei 1:<\/strong><\/h6><ul><li style=\"list-style-type: none;\"><ul><li style=\"list-style-type: none;\"><ul><li style=\"text-align: left;\"><strong>Locurile I &amp; II:<\/strong> Dima Mihaela \u0219i T\u0103nase Marius, acela\u0219i timp de r\u0103spuns 19:00:17<\/li><li style=\"text-align: left;\"><strong>Locul III:<\/strong> Coman Monica, timp de r\u0103spuns 19:00:24<\/li><\/ul><\/li><\/ul><\/li><\/ul><h6><strong>Concuren\u021bii califica\u021bi \u00een etapa a II-a:<\/strong><\/h6><ul><li style=\"list-style-type: none;\"><ul><li style=\"list-style-type: none;\"><ul><li>Bunduc Ana Maria timp r\u0103spuns\u00a0\u00a0\u00a0 19:00:31<\/li><li>Pasere Rodica Mihaela timp r\u0103spuns\u00a0\u00a0\u00a0 19:00:57<\/li><li>Strete Felician timp r\u0103spuns\u00a0\u00a0 19:01:07<\/li><li>Gero Reimond timp r\u0103spuns\u00a0\u00a0 19:01:54<\/li><li>Chiriac Alin Viorel timp r\u0103spuns\u00a0\u00a0\u00a0 19:01:56<\/li><li>Dobrin Ana-Maria timp r\u0103spuns\u00a0\u00a0\u00a0 19:01:47<\/li><li>Ali Anis timp r\u0103spuns\u00a0\u00a0\u00a0 19:02:04<\/li><li>Isac Mihaela timp r\u0103spuns\u00a0\u00a0\u00a0 19:02:25<\/li><li>************************* timp r\u0103spuns\u00a0\u00a0\u00a0 19:02:30<\/li><li>Pom\u00eerleanu Constantin timp r\u0103spuns\u00a0\u00a0\u00a0 19:02:48<\/li><li>Cretu Cristina timp r\u0103spuns\u00a0\u00a0\u00a0 19:03:08<\/li><li>Badiu Sorinel-Cristi timp r\u0103spuns\u00a0\u00a0\u00a0 19:03:21<\/li><li>Solomon Andra timp r\u0103spuns\u00a0\u00a0\u00a0 19:03:41<\/li><li>Stanciu Gabriela Victoria timp r\u0103spuns\u00a0\u00a0\u00a0 19:04:11<\/li><li>Ali Nadin timp r\u0103spuns\u00a0\u00a0\u00a0 19:05:24<\/li><li>Cristea Rozalia timp r\u0103spuns\u00a0\u00a0\u00a0 19:07:43<\/li><li>Brailescu Adina-Lavinia timp r\u0103spuns\u00a0\u00a0\u00a0 19:08:49<\/li><li>Campian Gheorghe Dorel timp r\u0103spuns\u00a0\u00a0\u00a0 19:09:18<\/li><li>Stoian Catalin timp r\u0103spuns\u00a0\u00a0\u00a0 19:12:10<\/li><li>K\u00f6ll\u0151 Enik\u0151 timp r\u0103spuns\u00a0\u00a0\u00a0 19:16:25<\/li><li>Bogdan Angelica timp r\u0103spuns\u00a0\u00a0\u00a0 19:23:01<\/li><li>\u0218ora Lenuta-Ana timp r\u0103spuns\u00a0\u00a0\u00a0 19:32:41<\/li><li>Burete Adrian Calin timp r\u0103spuns\u00a0\u00a0\u00a0 19:35:00<\/li><li>Calaican Georgel timp r\u0103spuns\u00a0\u00a0\u00a0 19:41:30<\/li><\/ul><\/li><\/ul><\/li><\/ul><\/div>\n\t\t\t\t<\/div>\n\t\t\t\t\t\t\t\t<\/div>\n\t\t\t\t\t\t<\/div>\n\t\t\t\t<\/div>\n\t\t\t\t<div class=\"elementor-element elementor-element-75a60f2 elementor-widget elementor-widget-spacer\" data-id=\"75a60f2\" data-element_type=\"widget\" data-e-type=\"widget\" data-widget_type=\"spacer.default\">\n\t\t\t\t<div class=\"elementor-widget-container\">\n\t\t\t\t\t\t\t<div class=\"elementor-spacer\">\n\t\t\t<div class=\"elementor-spacer-inner\"><\/div>\n\t\t<\/div>\n\t\t\t\t\t\t<\/div>\n\t\t\t\t<\/div>\n\t\t\t\t<div class=\"elementor-element elementor-element-03bd582 elementor-widget elementor-widget-text-editor\" data-id=\"03bd582\" data-element_type=\"widget\" data-e-type=\"widget\" data-widget_type=\"text-editor.default\">\n\t\t\t\t<div class=\"elementor-widget-container\">\n\t\t\t\t\t\t\t\t\t<h3><strong>Tabel concuren\u021bi califica\u021bi \u00een etapa a II-a<\/strong><\/h3><div>\u00a0<\/div><ol><li style=\"list-style-type: none;\"><ol><li style=\"list-style-type: none;\"><ol><li style=\"list-style-type: none;\"><ol><li>******************<\/li><li>******************<\/li><li>******************<\/li><li>******************<\/li><li>******************<\/li><li>******************\u00a0<\/li><li>******************\u00a0<\/li><li>******************<\/li><li>******************<\/li><li>******************\u00a0<\/li><li>******************\u00a0<\/li><li>******************<\/li><li>******************<\/li><li>******************<\/li><li>******************<\/li><li>******************<\/li><li>******************<\/li><li>******************<\/li><li>******************<\/li><li>******************<\/li><li>******************<\/li><li>*****************<\/li><li>******************<\/li><li>******************<\/li><li>******************\u00a0<\/li><li>******************<\/li><li>******************<\/li><li>******************<\/li><li>******************<\/li><li>******************<\/li><li>******************\u00a0<\/li><li>******************<\/li><li>******************<\/li><\/ol><\/li><\/ol><\/li><\/ol><\/li><\/ol>\t\t\t\t\t\t\t\t<\/div>\n\t\t\t\t<\/div>\n\t\t\t\t<div class=\"elementor-element elementor-element-d583b15 elementor-widget elementor-widget-text-editor\" data-id=\"d583b15\" data-element_type=\"widget\" data-e-type=\"widget\" data-widget_type=\"text-editor.default\">\n\t\t\t\t<div class=\"elementor-widget-container\">\n\t\t\t\t\t\t\t\t\t<p><b>Sponsor campanie: Exim Banca Rom\u00e2neasc\u0103\u00a0<\/b><\/p><p><span data-ccp-props=\"{&quot;201341983&quot;:0,&quot;335559739&quot;:160,&quot;335559740&quot;:278}\">\u00a0<\/span><img decoding=\"async\" class=\"alignnone size-medium\" src=\"https:\/\/www.eximbank.ro\/wp-content\/themes\/eximbank\/assets\/imgs\/eximbank-logo.svg\" alt=\"Exim Bank Logo\" width=\"264\" height=\"70\" \/><\/p>\t\t\t\t\t\t\t\t<\/div>\n\t\t\t\t<\/div>\n\t\t\t\t\t<\/div>\n\t\t<\/div>\n\t\t\t\t\t<\/div>\n\t\t<\/section>\n\t\t\t\t<\/div>\n\t\t","protected":false},"excerpt":{"rendered":"<p>\u00a0 Concurs Campanie &#8220;Economisirea \u2013 calea spre independen\u021b\u0103 financiar\u0103&#8221; Lista c\u00e2\u0219tig\u0103torilor\u00a0Etapa II \u201eFinan\u021be f\u0103r\u0103 bariere \u2013 Concursul premian\u021bilor\u201d Primele 3 (trei) locuri au fost ocupate de urm\u0103torii concuren\u021bi: Nume, prenume Locul R\u0103spunsuri corecte Timp r\u0103spuns Premiu (lei) ****************** 1 15 19:02:33 600 ****************** 2 15 19:04:08 500 ****************** 3 15 19:04:11 400 Men\u021biuni de participare &hellip; <a href=\"https:\/\/restartbpt.ro\/wp\/concursuri\/lista-castigatorilor\/\" class=\"more-link\">Continue reading<span class=\"screen-reader-text\"> &#8220;Lista c\u00e2\u0219tig\u0103torilor&#8221;<\/span><\/a><\/p>\n","protected":false},"author":1,"featured_media":0,"parent":6258,"menu_order":0,"comment_status":"closed","ping_status":"closed","template":"","meta":{"_eb_attr":"","iawp_total_views":617,"footnotes":""},"class_list":["post-6274","page","type-page","status-publish","hentry"],"_links":{"self":[{"href":"https:\/\/restartbpt.ro\/wp\/wp-json\/wp\/v2\/pages\/6274","targetHints":{"allow":["GET"]}}],"collection":[{"href":"https:\/\/restartbpt.ro\/wp\/wp-json\/wp\/v2\/pages"}],"about":[{"href":"https:\/\/restartbpt.ro\/wp\/wp-json\/wp\/v2\/types\/page"}],"author":[{"embeddable":true,"href":"https:\/\/restartbpt.ro\/wp\/wp-json\/wp\/v2\/users\/1"}],"replies":[{"embeddable":true,"href":"https:\/\/restartbpt.ro\/wp\/wp-json\/wp\/v2\/comments?post=6274"}],"version-history":[{"count":10,"href":"https:\/\/restartbpt.ro\/wp\/wp-json\/wp\/v2\/pages\/6274\/revisions"}],"predecessor-version":[{"id":7151,"href":"https:\/\/restartbpt.ro\/wp\/wp-json\/wp\/v2\/pages\/6274\/revisions\/7151"}],"up":[{"embeddable":true,"href":"https:\/\/restartbpt.ro\/wp\/wp-json\/wp\/v2\/pages\/6258"}],"wp:attachment":[{"href":"https:\/\/restartbpt.ro\/wp\/wp-json\/wp\/v2\/media?parent=6274"}],"curies":[{"name":"wp","href":"https:\/\/api.w.org\/{rel}","templated":true}]}}